{"id":10,"date":"2015-01-21T12:16:28","date_gmt":"2015-01-21T12:16:28","guid":{"rendered":"http:\/\/filepdekorart.hu\/?page_id=10"},"modified":"2018-01-29T11:34:41","modified_gmt":"2018-01-29T11:34:41","slug":"kapcsolat","status":"publish","type":"page","link":"http:\/\/filepdekorart.hu\/?page_id=10","title":{"rendered":"Kapcsolat"},"content":{"rendered":"<p class=\"kapcsolat\" style=\"text-align: center;\">B\u0151vebb inform\u00e1ci\u00f3\u00e9rt \u00e9s \u00e1raj\u00e1nlat\u00e9rt k\u00e9rj\u00fck \u00edrjon<br \/>\n\u00fczenetet vagy h\u00edvjon az al\u00e1bbi telefonsz\u00e1mokon:<\/p>\n<table style=\"border: 0px none; height: 848px;\" border=\"0\" width=\"400\" cellspacing=\"0\" cellpadding=\"0\">\n<tbody>\n<tr>\n<td style=\"vertical-align: top;\"><a href=\"http:\/\/filepdekorart.hu\/wp-content\/uploads\/2015\/01\/lacika.png\"><img decoding=\"async\" loading=\"lazy\" class=\" size-thumbnail wp-image-932 alignright\" src=\"http:\/\/filepdekorart.hu\/wp-content\/uploads\/2015\/01\/lacika-150x150.png\" alt=\"lacika\" width=\"150\" height=\"150\" \/><\/a><\/td>\n<td style=\"text-align: left; vertical-align: middle;\"><\/td>\n<td style=\"text-align: left; vertical-align: middle;\">Filep L\u00e1szl\u00f3<br \/>\n+36 20 418 1640<br \/>\n<a href=\"mailto:fileplacika@gmail.com\">fileplacika@gmail.com<\/a><\/td>\n<\/tr>\n<tr>\n<td style=\"text-align: right; vertical-align: middle;\">Filep Gerg\u0151<br \/>\n+36 20 546 0375<\/td>\n<td style=\"vertical-align: top;\"><\/td>\n<td style=\"vertical-align: top;\"><a href=\"http:\/\/filepdekorart.hu\/wp-content\/uploads\/2015\/01\/gerg\u0151.png\"><img decoding=\"async\" loading=\"lazy\" class=\"alignleft size-thumbnail wp-image-933\" src=\"http:\/\/filepdekorart.hu\/wp-content\/uploads\/2015\/01\/gerg\u0151-150x150.png\" alt=\"gerg\u0151\" width=\"150\" height=\"150\" \/><\/a><\/td>\n<\/tr>\n<tr>\n<td style=\"vertical-align: top;\"><a href=\"http:\/\/filepdekorart.hu\/wp-content\/uploads\/2015\/01\/anik\u00f3.png\"><img decoding=\"async\" loading=\"lazy\" class=\" size-thumbnail wp-image-934 alignright\" src=\"http:\/\/filepdekorart.hu\/wp-content\/uploads\/2015\/01\/anik\u00f3-150x150.png\" alt=\"anik\u00f3\" width=\"150\" height=\"150\" \/><\/a><\/td>\n<td style=\"text-align: left; vertical-align: middle;\"><\/td>\n<td style=\"text-align: left; vertical-align: middle;\">Filepn\u00e9 Anik\u00f3<br \/>\n+36 20 356 8818<\/td>\n<\/tr>\n<tr>\n<td style=\"text-align: right; vertical-align: middle;\">Filep Anita<br \/>\n+36 20 356 7965<\/td>\n<td style=\"vertical-align: top;\"><\/td>\n<td style=\"vertical-align: top;\"><a href=\"http:\/\/filepdekorart.hu\/wp-content\/uploads\/2015\/01\/anita.png\"><img decoding=\"async\" loading=\"lazy\" class=\"alignleft size-thumbnail wp-image-935\" src=\"http:\/\/filepdekorart.hu\/wp-content\/uploads\/2015\/01\/anita-150x150.png\" alt=\"anita\" width=\"150\" height=\"150\" \/><\/a><\/td>\n<\/tr>\n<\/tbody>\n<\/table>\n<p>&nbsp;<\/p>\n<p style=\"text-align: center;\"><a href=\"https:\/\/www.facebook.com\/filepdekorart.hu\/\" rel=\"attachment wp-att-1818\"><img decoding=\"async\" loading=\"lazy\" class=\"alignleft wp-image-1818\" src=\"http:\/\/filepdekorart.hu\/wp-content\/uploads\/2018\/01\/face.png\" alt=\"\" width=\"45\" height=\"45\" \/><\/a> <a href=\"https:\/\/www.instagram.com\/filep.dekor.art\/\" rel=\"attachment wp-att-1819\"><img decoding=\"async\" loading=\"lazy\" class=\"alignleft wp-image-1819\" src=\"http:\/\/filepdekorart.hu\/wp-content\/uploads\/2018\/01\/insta.png\" alt=\"\" width=\"45\" height=\"45\" \/><\/a><\/p>\n","protected":false},"excerpt":{"rendered":"<p>B\u0151vebb inform\u00e1ci\u00f3\u00e9rt \u00e9s \u00e1raj\u00e1nlat\u00e9rt k\u00e9rj\u00fck \u00edrjon \u00fczenetet vagy h\u00edvjon az al\u00e1bbi telefonsz\u00e1mokon: Filep L\u00e1szl\u00f3 +36 20 418 1640 fileplacika@gmail.com Filep Gerg\u0151 +36 20 546 0375 Filepn\u00e9 Anik\u00f3 +36 20 356 8818 Filep Anita +36 20 356 7965 &nbsp;<\/p>\n","protected":false},"author":1,"featured_media":0,"parent":0,"menu_order":0,"comment_status":"closed","ping_status":"closed","template":"","meta":[],"_links":{"self":[{"href":"http:\/\/filepdekorart.hu\/index.php?rest_route=\/wp\/v2\/pages\/10"}],"collection":[{"href":"http:\/\/filepdekorart.hu\/index.php?rest_route=\/wp\/v2\/pages"}],"about":[{"href":"http:\/\/filepdekorart.hu\/index.php?rest_route=\/wp\/v2\/types\/page"}],"author":[{"embeddable":true,"href":"http:\/\/filepdekorart.hu\/index.php?rest_route=\/wp\/v2\/users\/1"}],"replies":[{"embeddable":true,"href":"http:\/\/filepdekorart.hu\/index.php?rest_route=%2Fwp%2Fv2%2Fcomments&post=10"}],"version-history":[{"count":30,"href":"http:\/\/filepdekorart.hu\/index.php?rest_route=\/wp\/v2\/pages\/10\/revisions"}],"predecessor-version":[{"id":1827,"href":"http:\/\/filepdekorart.hu\/index.php?rest_route=\/wp\/v2\/pages\/10\/revisions\/1827"}],"wp:attachment":[{"href":"http:\/\/filepdekorart.hu\/index.php?rest_route=%2Fwp%2Fv2%2Fmedia&parent=10"}],"curies":[{"name":"wp","href":"https:\/\/api.w.org\/{rel}","templated":true}]}}