{"id":1713,"date":"2018-01-22T11:57:17","date_gmt":"2018-01-22T11:57:17","guid":{"rendered":"http:\/\/filepdekorart.hu\/?page_id=1713"},"modified":"2020-01-31T10:01:56","modified_gmt":"2020-01-31T10:01:56","slug":"erdo-erdo-erdo","status":"publish","type":"page","link":"http:\/\/filepdekorart.hu\/?page_id=1713","title":{"rendered":"Erd\u0151, erd\u0151, erd\u0151 &#8230;"},"content":{"rendered":"\n\t\t<style type=\"text\/css\">\n\t\t\t#gallery-1 {\n\t\t\t\tmargin: auto;\n\t\t\t}\n\t\t\t#gallery-1 .gallery-item {\n\t\t\t\tfloat: left;\n\t\t\t\tmargin-top: 10px;\n\t\t\t\ttext-align: center;\n\t\t\t\twidth: 33%;\n\t\t\t}\n\t\t\t#gallery-1 img {\n\t\t\t\tborder: 2px solid #cfcfcf;\n\t\t\t}\n\t\t\t#gallery-1 .gallery-caption {\n\t\t\t\tmargin-left: 0;\n\t\t\t}\n\t\t\t\/* see gallery_shortcode() in wp-includes\/media.php *\/\n\t\t<\/style>\n\t\t<div id='gallery-1' class='gallery galleryid-1713 gallery-columns-3 gallery-size-thumbnail'><dl class='gallery-item'>\n\t\t\t<dt class='gallery-icon landscape'>\n\t\t\t\t<a href='http:\/\/filepdekorart.hu\/?attachment_id=1714'><img width=\"150\" height=\"150\" src=\"http:\/\/filepdekorart.hu\/wp-content\/uploads\/2018\/01\/22196150_1582380141826034_8996076979669528646_n-150x150.jpg\" class=\"attachment-thumbnail size-thumbnail\" alt=\"\" decoding=\"async\" loading=\"lazy\" srcset=\"http:\/\/filepdekorart.hu\/wp-content\/uploads\/2018\/01\/22196150_1582380141826034_8996076979669528646_n-150x150.jpg 150w, http:\/\/filepdekorart.hu\/wp-content\/uploads\/2018\/01\/22196150_1582380141826034_8996076979669528646_n-480x480.jpg 480w\" sizes=\"(max-width: 150px) 100vw, 150px\" \/><\/a>\n\t\t\t<\/dt><\/dl><dl class='gallery-item'>\n\t\t\t<dt class='gallery-icon landscape'>\n\t\t\t\t<a href='http:\/\/filepdekorart.hu\/?attachment_id=1715'><img width=\"150\" height=\"150\" src=\"http:\/\/filepdekorart.hu\/wp-content\/uploads\/2018\/01\/22196287_1582373455160036_5153505427512597324_n-150x150.jpg\" class=\"attachment-thumbnail size-thumbnail\" alt=\"\" decoding=\"async\" loading=\"lazy\" srcset=\"http:\/\/filepdekorart.hu\/wp-content\/uploads\/2018\/01\/22196287_1582373455160036_5153505427512597324_n-150x150.jpg 150w, http:\/\/filepdekorart.hu\/wp-content\/uploads\/2018\/01\/22196287_1582373455160036_5153505427512597324_n-480x480.jpg 480w\" sizes=\"(max-width: 150px) 100vw, 150px\" \/><\/a>\n\t\t\t<\/dt><\/dl><dl class='gallery-item'>\n\t\t\t<dt class='gallery-icon portrait'>\n\t\t\t\t<a href='http:\/\/filepdekorart.hu\/?attachment_id=1716'><img width=\"150\" height=\"150\" src=\"http:\/\/filepdekorart.hu\/wp-content\/uploads\/2018\/01\/22228291_1582377911826257_7721549368387364681_n-150x150.jpg\" class=\"attachment-thumbnail size-thumbnail\" alt=\"\" decoding=\"async\" loading=\"lazy\" srcset=\"http:\/\/filepdekorart.hu\/wp-content\/uploads\/2018\/01\/22228291_1582377911826257_7721549368387364681_n-150x150.jpg 150w, http:\/\/filepdekorart.hu\/wp-content\/uploads\/2018\/01\/22228291_1582377911826257_7721549368387364681_n-480x480.jpg 480w\" sizes=\"(max-width: 150px) 100vw, 150px\" \/><\/a>\n\t\t\t<\/dt><\/dl><br style=\"clear: both\" \/><dl class='gallery-item'>\n\t\t\t<dt class='gallery-icon portrait'>\n\t\t\t\t<a href='http:\/\/filepdekorart.hu\/?attachment_id=1717'><img width=\"150\" height=\"150\" src=\"http:\/\/filepdekorart.hu\/wp-content\/uploads\/2018\/01\/22279660_1582380085159373_6819050452196690003_n-150x150.jpg\" class=\"attachment-thumbnail size-thumbnail\" alt=\"\" decoding=\"async\" loading=\"lazy\" srcset=\"http:\/\/filepdekorart.hu\/wp-content\/uploads\/2018\/01\/22279660_1582380085159373_6819050452196690003_n-150x150.jpg 150w, http:\/\/filepdekorart.hu\/wp-content\/uploads\/2018\/01\/22279660_1582380085159373_6819050452196690003_n-480x480.jpg 480w\" sizes=\"(max-width: 150px) 100vw, 150px\" \/><\/a>\n\t\t\t<\/dt><\/dl><dl class='gallery-item'>\n\t\t\t<dt class='gallery-icon landscape'>\n\t\t\t\t<a href='http:\/\/filepdekorart.hu\/?attachment_id=1718'><img width=\"150\" height=\"150\" src=\"http:\/\/filepdekorart.hu\/wp-content\/uploads\/2018\/01\/22279847_1582372971826751_3576105551555421696_n-150x150.jpg\" class=\"attachment-thumbnail size-thumbnail\" alt=\"\" decoding=\"async\" loading=\"lazy\" srcset=\"http:\/\/filepdekorart.hu\/wp-content\/uploads\/2018\/01\/22279847_1582372971826751_3576105551555421696_n-150x150.jpg 150w, http:\/\/filepdekorart.hu\/wp-content\/uploads\/2018\/01\/22279847_1582372971826751_3576105551555421696_n-480x480.jpg 480w\" sizes=\"(max-width: 150px) 100vw, 150px\" \/><\/a>\n\t\t\t<\/dt><\/dl><dl class='gallery-item'>\n\t\t\t<dt class='gallery-icon landscape'>\n\t\t\t\t<a href='http:\/\/filepdekorart.hu\/?attachment_id=1719'><img width=\"150\" height=\"150\" src=\"http:\/\/filepdekorart.hu\/wp-content\/uploads\/2018\/01\/22281646_1582390941824954_4712816955031775260_n-150x150.jpg\" class=\"attachment-thumbnail size-thumbnail\" alt=\"\" decoding=\"async\" loading=\"lazy\" srcset=\"http:\/\/filepdekorart.hu\/wp-content\/uploads\/2018\/01\/22281646_1582390941824954_4712816955031775260_n-150x150.jpg 150w, http:\/\/filepdekorart.hu\/wp-content\/uploads\/2018\/01\/22281646_1582390941824954_4712816955031775260_n-480x480.jpg 480w\" sizes=\"(max-width: 150px) 100vw, 150px\" \/><\/a>\n\t\t\t<\/dt><\/dl><br style=\"clear: both\" \/><dl class='gallery-item'>\n\t\t\t<dt class='gallery-icon landscape'>\n\t\t\t\t<a href='http:\/\/filepdekorart.hu\/?attachment_id=1720'><img width=\"150\" height=\"150\" src=\"http:\/\/filepdekorart.hu\/wp-content\/uploads\/2018\/01\/22308679_1582381435159238_4797665175221857523_n-150x150.jpg\" class=\"attachment-thumbnail size-thumbnail\" alt=\"\" decoding=\"async\" loading=\"lazy\" srcset=\"http:\/\/filepdekorart.hu\/wp-content\/uploads\/2018\/01\/22308679_1582381435159238_4797665175221857523_n-150x150.jpg 150w, http:\/\/filepdekorart.hu\/wp-content\/uploads\/2018\/01\/22308679_1582381435159238_4797665175221857523_n-480x480.jpg 480w\" sizes=\"(max-width: 150px) 100vw, 150px\" \/><\/a>\n\t\t\t<\/dt><\/dl><dl class='gallery-item'>\n\t\t\t<dt class='gallery-icon portrait'>\n\t\t\t\t<a href='http:\/\/filepdekorart.hu\/?attachment_id=1721'><img width=\"150\" height=\"150\" src=\"http:\/\/filepdekorart.hu\/wp-content\/uploads\/2018\/01\/22310318_1582383178492397_397403608958146643_n-150x150.jpg\" class=\"attachment-thumbnail size-thumbnail\" alt=\"\" decoding=\"async\" loading=\"lazy\" srcset=\"http:\/\/filepdekorart.hu\/wp-content\/uploads\/2018\/01\/22310318_1582383178492397_397403608958146643_n-150x150.jpg 150w, http:\/\/filepdekorart.hu\/wp-content\/uploads\/2018\/01\/22310318_1582383178492397_397403608958146643_n-480x480.jpg 480w\" sizes=\"(max-width: 150px) 100vw, 150px\" \/><\/a>\n\t\t\t<\/dt><\/dl><dl class='gallery-item'>\n\t\t\t<dt class='gallery-icon landscape'>\n\t\t\t\t<a href='http:\/\/filepdekorart.hu\/?attachment_id=1722'><img width=\"150\" height=\"150\" src=\"http:\/\/filepdekorart.hu\/wp-content\/uploads\/2018\/01\/22405687_1588402977890417_1259147420740579372_n-150x150.jpg\" class=\"attachment-thumbnail size-thumbnail\" alt=\"\" decoding=\"async\" loading=\"lazy\" srcset=\"http:\/\/filepdekorart.hu\/wp-content\/uploads\/2018\/01\/22405687_1588402977890417_1259147420740579372_n-150x150.jpg 150w, http:\/\/filepdekorart.hu\/wp-content\/uploads\/2018\/01\/22405687_1588402977890417_1259147420740579372_n-480x480.jpg 480w\" sizes=\"(max-width: 150px) 100vw, 150px\" \/><\/a>\n\t\t\t<\/dt><\/dl><br style=\"clear: both\" \/><dl class='gallery-item'>\n\t\t\t<dt class='gallery-icon portrait'>\n\t\t\t\t<a href='http:\/\/filepdekorart.hu\/?attachment_id=1723'><img width=\"150\" height=\"150\" src=\"http:\/\/filepdekorart.hu\/wp-content\/uploads\/2018\/01\/22406106_1588401564557225_5798335593605315373_n-150x150.jpg\" class=\"attachment-thumbnail size-thumbnail\" alt=\"\" decoding=\"async\" loading=\"lazy\" srcset=\"http:\/\/filepdekorart.hu\/wp-content\/uploads\/2018\/01\/22406106_1588401564557225_5798335593605315373_n-150x150.jpg 150w, http:\/\/filepdekorart.hu\/wp-content\/uploads\/2018\/01\/22406106_1588401564557225_5798335593605315373_n-480x480.jpg 480w\" sizes=\"(max-width: 150px) 100vw, 150px\" \/><\/a>\n\t\t\t<\/dt><\/dl><dl class='gallery-item'>\n\t\t\t<dt class='gallery-icon landscape'>\n\t\t\t\t<a href='http:\/\/filepdekorart.hu\/?attachment_id=1724'><img width=\"150\" height=\"150\" src=\"http:\/\/filepdekorart.hu\/wp-content\/uploads\/2018\/01\/22406366_1588402914557090_2473741249922374819_n-150x150.jpg\" class=\"attachment-thumbnail size-thumbnail\" alt=\"\" decoding=\"async\" loading=\"lazy\" srcset=\"http:\/\/filepdekorart.hu\/wp-content\/uploads\/2018\/01\/22406366_1588402914557090_2473741249922374819_n-150x150.jpg 150w, http:\/\/filepdekorart.hu\/wp-content\/uploads\/2018\/01\/22406366_1588402914557090_2473741249922374819_n-480x480.jpg 480w\" sizes=\"(max-width: 150px) 100vw, 150px\" \/><\/a>\n\t\t\t<\/dt><\/dl><dl class='gallery-item'>\n\t\t\t<dt class='gallery-icon landscape'>\n\t\t\t\t<a href='http:\/\/filepdekorart.hu\/?attachment_id=1725'><img width=\"150\" height=\"150\" src=\"http:\/\/filepdekorart.hu\/wp-content\/uploads\/2018\/01\/22406429_1588402131223835_6230289269278217048_n-150x150.jpg\" class=\"attachment-thumbnail size-thumbnail\" alt=\"\" decoding=\"async\" loading=\"lazy\" srcset=\"http:\/\/filepdekorart.hu\/wp-content\/uploads\/2018\/01\/22406429_1588402131223835_6230289269278217048_n-150x150.jpg 150w, http:\/\/filepdekorart.hu\/wp-content\/uploads\/2018\/01\/22406429_1588402131223835_6230289269278217048_n-480x480.jpg 480w\" sizes=\"(max-width: 150px) 100vw, 150px\" \/><\/a>\n\t\t\t<\/dt><\/dl><br style=\"clear: both\" \/><dl class='gallery-item'>\n\t\t\t<dt class='gallery-icon landscape'>\n\t\t\t\t<a href='http:\/\/filepdekorart.hu\/?attachment_id=1726'><img width=\"150\" height=\"150\" src=\"http:\/\/filepdekorart.hu\/wp-content\/uploads\/2018\/01\/22449744_1588401401223908_7510781632732216725_n-150x150.jpg\" class=\"attachment-thumbnail size-thumbnail\" alt=\"\" decoding=\"async\" loading=\"lazy\" srcset=\"http:\/\/filepdekorart.hu\/wp-content\/uploads\/2018\/01\/22449744_1588401401223908_7510781632732216725_n-150x150.jpg 150w, http:\/\/filepdekorart.hu\/wp-content\/uploads\/2018\/01\/22449744_1588401401223908_7510781632732216725_n-480x480.jpg 480w\" sizes=\"(max-width: 150px) 100vw, 150px\" \/><\/a>\n\t\t\t<\/dt><\/dl><dl class='gallery-item'>\n\t\t\t<dt class='gallery-icon landscape'>\n\t\t\t\t<a href='http:\/\/filepdekorart.hu\/?attachment_id=2027'><img width=\"150\" height=\"150\" src=\"http:\/\/filepdekorart.hu\/wp-content\/uploads\/2020\/01\/31913052_1788957417834971_694994788746788864_o-150x150.jpg\" class=\"attachment-thumbnail size-thumbnail\" alt=\"\" decoding=\"async\" loading=\"lazy\" srcset=\"http:\/\/filepdekorart.hu\/wp-content\/uploads\/2020\/01\/31913052_1788957417834971_694994788746788864_o-150x150.jpg 150w, http:\/\/filepdekorart.hu\/wp-content\/uploads\/2020\/01\/31913052_1788957417834971_694994788746788864_o-480x480.jpg 480w\" sizes=\"(max-width: 150px) 100vw, 150px\" \/><\/a>\n\t\t\t<\/dt><\/dl><dl class='gallery-item'>\n\t\t\t<dt class='gallery-icon portrait'>\n\t\t\t\t<a href='http:\/\/filepdekorart.hu\/?attachment_id=2028'><img width=\"150\" height=\"150\" src=\"http:\/\/filepdekorart.hu\/wp-content\/uploads\/2020\/01\/31932289_1788957297834983_3136522330306510848_o-150x150.jpg\" class=\"attachment-thumbnail size-thumbnail\" alt=\"\" decoding=\"async\" loading=\"lazy\" srcset=\"http:\/\/filepdekorart.hu\/wp-content\/uploads\/2020\/01\/31932289_1788957297834983_3136522330306510848_o-150x150.jpg 150w, http:\/\/filepdekorart.hu\/wp-content\/uploads\/2020\/01\/31932289_1788957297834983_3136522330306510848_o-480x480.jpg 480w\" sizes=\"(max-width: 150px) 100vw, 150px\" \/><\/a>\n\t\t\t<\/dt><\/dl><br style=\"clear: both\" \/><dl class='gallery-item'>\n\t\t\t<dt class='gallery-icon landscape'>\n\t\t\t\t<a href='http:\/\/filepdekorart.hu\/?attachment_id=2029'><img width=\"150\" height=\"150\" src=\"http:\/\/filepdekorart.hu\/wp-content\/uploads\/2020\/01\/33363981_1805608242836555_1536692539199848448_n-150x150.jpg\" class=\"attachment-thumbnail size-thumbnail\" alt=\"\" decoding=\"async\" loading=\"lazy\" srcset=\"http:\/\/filepdekorart.hu\/wp-content\/uploads\/2020\/01\/33363981_1805608242836555_1536692539199848448_n-150x150.jpg 150w, http:\/\/filepdekorart.hu\/wp-content\/uploads\/2020\/01\/33363981_1805608242836555_1536692539199848448_n-480x480.jpg 480w\" sizes=\"(max-width: 150px) 100vw, 150px\" \/><\/a>\n\t\t\t<\/dt><\/dl><dl class='gallery-item'>\n\t\t\t<dt class='gallery-icon landscape'>\n\t\t\t\t<a href='http:\/\/filepdekorart.hu\/?attachment_id=2030'><img width=\"150\" height=\"150\" src=\"http:\/\/filepdekorart.hu\/wp-content\/uploads\/2020\/01\/33401231_1805607192836660_7279805413069946880_o-150x150.jpg\" class=\"attachment-thumbnail size-thumbnail\" alt=\"\" decoding=\"async\" loading=\"lazy\" srcset=\"http:\/\/filepdekorart.hu\/wp-content\/uploads\/2020\/01\/33401231_1805607192836660_7279805413069946880_o-150x150.jpg 150w, http:\/\/filepdekorart.hu\/wp-content\/uploads\/2020\/01\/33401231_1805607192836660_7279805413069946880_o-480x480.jpg 480w\" sizes=\"(max-width: 150px) 100vw, 150px\" \/><\/a>\n\t\t\t<\/dt><\/dl><dl class='gallery-item'>\n\t\t\t<dt class='gallery-icon portrait'>\n\t\t\t\t<a href='http:\/\/filepdekorart.hu\/?attachment_id=2031'><img width=\"150\" height=\"150\" src=\"http:\/\/filepdekorart.hu\/wp-content\/uploads\/2020\/01\/33672644_1810592205671492_5535550766745387008_n-150x150.jpg\" class=\"attachment-thumbnail size-thumbnail\" alt=\"\" decoding=\"async\" loading=\"lazy\" srcset=\"http:\/\/filepdekorart.hu\/wp-content\/uploads\/2020\/01\/33672644_1810592205671492_5535550766745387008_n-150x150.jpg 150w, http:\/\/filepdekorart.hu\/wp-content\/uploads\/2020\/01\/33672644_1810592205671492_5535550766745387008_n-480x480.jpg 480w\" sizes=\"(max-width: 150px) 100vw, 150px\" \/><\/a>\n\t\t\t<\/dt><\/dl><br style=\"clear: both\" \/><dl class='gallery-item'>\n\t\t\t<dt class='gallery-icon landscape'>\n\t\t\t\t<a href='http:\/\/filepdekorart.hu\/?attachment_id=2032'><img width=\"150\" height=\"150\" src=\"http:\/\/filepdekorart.hu\/wp-content\/uploads\/2020\/01\/33689288_1810592115671501_7366864387274964992_n-150x150.jpg\" class=\"attachment-thumbnail size-thumbnail\" alt=\"\" decoding=\"async\" loading=\"lazy\" srcset=\"http:\/\/filepdekorart.hu\/wp-content\/uploads\/2020\/01\/33689288_1810592115671501_7366864387274964992_n-150x150.jpg 150w, http:\/\/filepdekorart.hu\/wp-content\/uploads\/2020\/01\/33689288_1810592115671501_7366864387274964992_n-480x480.jpg 480w\" sizes=\"(max-width: 150px) 100vw, 150px\" \/><\/a>\n\t\t\t<\/dt><\/dl><dl class='gallery-item'>\n\t\t\t<dt class='gallery-icon portrait'>\n\t\t\t\t<a href='http:\/\/filepdekorart.hu\/?attachment_id=2033'><img width=\"150\" height=\"150\" src=\"http:\/\/filepdekorart.hu\/wp-content\/uploads\/2020\/01\/33745185_1810592815671431_4221654476294979584_n-150x150.jpg\" class=\"attachment-thumbnail size-thumbnail\" alt=\"\" decoding=\"async\" loading=\"lazy\" srcset=\"http:\/\/filepdekorart.hu\/wp-content\/uploads\/2020\/01\/33745185_1810592815671431_4221654476294979584_n-150x150.jpg 150w, http:\/\/filepdekorart.hu\/wp-content\/uploads\/2020\/01\/33745185_1810592815671431_4221654476294979584_n-480x480.jpg 480w\" sizes=\"(max-width: 150px) 100vw, 150px\" \/><\/a>\n\t\t\t<\/dt><\/dl><dl class='gallery-item'>\n\t\t\t<dt class='gallery-icon landscape'>\n\t\t\t\t<a href='http:\/\/filepdekorart.hu\/?attachment_id=2034'><img width=\"150\" height=\"150\" src=\"http:\/\/filepdekorart.hu\/wp-content\/uploads\/2020\/01\/36861899_1868483413215704_904586937933758464_o-150x150.jpg\" class=\"attachment-thumbnail size-thumbnail\" alt=\"\" decoding=\"async\" loading=\"lazy\" srcset=\"http:\/\/filepdekorart.hu\/wp-content\/uploads\/2020\/01\/36861899_1868483413215704_904586937933758464_o-150x150.jpg 150w, http:\/\/filepdekorart.hu\/wp-content\/uploads\/2020\/01\/36861899_1868483413215704_904586937933758464_o-480x480.jpg 480w\" sizes=\"(max-width: 150px) 100vw, 150px\" \/><\/a>\n\t\t\t<\/dt><\/dl><br style=\"clear: both\" \/><dl class='gallery-item'>\n\t\t\t<dt class='gallery-icon landscape'>\n\t\t\t\t<a href='http:\/\/filepdekorart.hu\/?attachment_id=2035'><img width=\"150\" height=\"150\" src=\"http:\/\/filepdekorart.hu\/wp-content\/uploads\/2020\/01\/36913263_1868484543215591_1628375608339726336_o-150x150.jpg\" class=\"attachment-thumbnail size-thumbnail\" alt=\"\" decoding=\"async\" loading=\"lazy\" srcset=\"http:\/\/filepdekorart.hu\/wp-content\/uploads\/2020\/01\/36913263_1868484543215591_1628375608339726336_o-150x150.jpg 150w, http:\/\/filepdekorart.hu\/wp-content\/uploads\/2020\/01\/36913263_1868484543215591_1628375608339726336_o-480x480.jpg 480w\" sizes=\"(max-width: 150px) 100vw, 150px\" \/><\/a>\n\t\t\t<\/dt><\/dl><dl class='gallery-item'>\n\t\t\t<dt class='gallery-icon landscape'>\n\t\t\t\t<a href='http:\/\/filepdekorart.hu\/?attachment_id=2036'><img width=\"150\" height=\"150\" src=\"http:\/\/filepdekorart.hu\/wp-content\/uploads\/2020\/01\/37993263_1900659083331470_7022524876195889152_o-150x150.jpg\" class=\"attachment-thumbnail size-thumbnail\" alt=\"\" decoding=\"async\" loading=\"lazy\" srcset=\"http:\/\/filepdekorart.hu\/wp-content\/uploads\/2020\/01\/37993263_1900659083331470_7022524876195889152_o-150x150.jpg 150w, http:\/\/filepdekorart.hu\/wp-content\/uploads\/2020\/01\/37993263_1900659083331470_7022524876195889152_o-480x480.jpg 480w\" sizes=\"(max-width: 150px) 100vw, 150px\" \/><\/a>\n\t\t\t<\/dt><\/dl><dl class='gallery-item'>\n\t\t\t<dt class='gallery-icon landscape'>\n\t\t\t\t<a href='http:\/\/filepdekorart.hu\/?attachment_id=2037'><img width=\"150\" height=\"150\" src=\"http:\/\/filepdekorart.hu\/wp-content\/uploads\/2020\/01\/38020203_1900658673331511_7280589910321397760_o-150x150.jpg\" class=\"attachment-thumbnail size-thumbnail\" alt=\"\" decoding=\"async\" loading=\"lazy\" srcset=\"http:\/\/filepdekorart.hu\/wp-content\/uploads\/2020\/01\/38020203_1900658673331511_7280589910321397760_o-150x150.jpg 150w, http:\/\/filepdekorart.hu\/wp-content\/uploads\/2020\/01\/38020203_1900658673331511_7280589910321397760_o-480x480.jpg 480w\" sizes=\"(max-width: 150px) 100vw, 150px\" \/><\/a>\n\t\t\t<\/dt><\/dl><br style=\"clear: both\" \/><dl class='gallery-item'>\n\t\t\t<dt class='gallery-icon landscape'>\n\t\t\t\t<a href='http:\/\/filepdekorart.hu\/?attachment_id=2038'><img width=\"150\" height=\"150\" src=\"http:\/\/filepdekorart.hu\/wp-content\/uploads\/2020\/01\/39287892_1932339506830094_6899703972764844032_o-150x150.jpg\" class=\"attachment-thumbnail size-thumbnail\" alt=\"\" decoding=\"async\" loading=\"lazy\" srcset=\"http:\/\/filepdekorart.hu\/wp-content\/uploads\/2020\/01\/39287892_1932339506830094_6899703972764844032_o-150x150.jpg 150w, http:\/\/filepdekorart.hu\/wp-content\/uploads\/2020\/01\/39287892_1932339506830094_6899703972764844032_o-480x480.jpg 480w\" sizes=\"(max-width: 150px) 100vw, 150px\" \/><\/a>\n\t\t\t<\/dt><\/dl><dl class='gallery-item'>\n\t\t\t<dt class='gallery-icon landscape'>\n\t\t\t\t<a href='http:\/\/filepdekorart.hu\/?attachment_id=2039'><img width=\"150\" height=\"150\" src=\"http:\/\/filepdekorart.hu\/wp-content\/uploads\/2020\/01\/39387192_1932339370163441_9182416757728477184_o-150x150.jpg\" class=\"attachment-thumbnail size-thumbnail\" alt=\"\" decoding=\"async\" loading=\"lazy\" srcset=\"http:\/\/filepdekorart.hu\/wp-content\/uploads\/2020\/01\/39387192_1932339370163441_9182416757728477184_o-150x150.jpg 150w, http:\/\/filepdekorart.hu\/wp-content\/uploads\/2020\/01\/39387192_1932339370163441_9182416757728477184_o-480x480.jpg 480w\" sizes=\"(max-width: 150px) 100vw, 150px\" \/><\/a>\n\t\t\t<\/dt><\/dl><dl class='gallery-item'>\n\t\t\t<dt class='gallery-icon landscape'>\n\t\t\t\t<a href='http:\/\/filepdekorart.hu\/?attachment_id=2040'><img width=\"150\" height=\"150\" src=\"http:\/\/filepdekorart.hu\/wp-content\/uploads\/2020\/01\/39391355_1932339210163457_4231472118698606592_o-150x150.jpg\" class=\"attachment-thumbnail size-thumbnail\" alt=\"\" decoding=\"async\" loading=\"lazy\" srcset=\"http:\/\/filepdekorart.hu\/wp-content\/uploads\/2020\/01\/39391355_1932339210163457_4231472118698606592_o-150x150.jpg 150w, http:\/\/filepdekorart.hu\/wp-content\/uploads\/2020\/01\/39391355_1932339210163457_4231472118698606592_o-480x480.jpg 480w\" sizes=\"(max-width: 150px) 100vw, 150px\" \/><\/a>\n\t\t\t<\/dt><\/dl><br style=\"clear: both\" \/><dl class='gallery-item'>\n\t\t\t<dt class='gallery-icon landscape'>\n\t\t\t\t<a href='http:\/\/filepdekorart.hu\/?attachment_id=2041'><img width=\"150\" height=\"150\" src=\"http:\/\/filepdekorart.hu\/wp-content\/uploads\/2020\/01\/39442935_1932338943496817_4093665322752540672_o-150x150.jpg\" class=\"attachment-thumbnail size-thumbnail\" alt=\"\" decoding=\"async\" loading=\"lazy\" srcset=\"http:\/\/filepdekorart.hu\/wp-content\/uploads\/2020\/01\/39442935_1932338943496817_4093665322752540672_o-150x150.jpg 150w, http:\/\/filepdekorart.hu\/wp-content\/uploads\/2020\/01\/39442935_1932338943496817_4093665322752540672_o-480x480.jpg 480w\" sizes=\"(max-width: 150px) 100vw, 150px\" \/><\/a>\n\t\t\t<\/dt><\/dl><dl class='gallery-item'>\n\t\t\t<dt class='gallery-icon landscape'>\n\t\t\t\t<a href='http:\/\/filepdekorart.hu\/?attachment_id=2042'><img width=\"150\" height=\"150\" src=\"http:\/\/filepdekorart.hu\/wp-content\/uploads\/2020\/01\/40129316_1946611478736230_1914409851748876288_n-150x150.jpg\" class=\"attachment-thumbnail size-thumbnail\" alt=\"\" decoding=\"async\" loading=\"lazy\" srcset=\"http:\/\/filepdekorart.hu\/wp-content\/uploads\/2020\/01\/40129316_1946611478736230_1914409851748876288_n-150x150.jpg 150w, http:\/\/filepdekorart.hu\/wp-content\/uploads\/2020\/01\/40129316_1946611478736230_1914409851748876288_n-480x480.jpg 480w\" sizes=\"(max-width: 150px) 100vw, 150px\" \/><\/a>\n\t\t\t<\/dt><\/dl><dl class='gallery-item'>\n\t\t\t<dt class='gallery-icon landscape'>\n\t\t\t\t<a href='http:\/\/filepdekorart.hu\/?attachment_id=2043'><img width=\"150\" height=\"150\" src=\"http:\/\/filepdekorart.hu\/wp-content\/uploads\/2020\/01\/40178236_1946620725401972_820748763998978048_n-150x150.jpg\" class=\"attachment-thumbnail size-thumbnail\" alt=\"\" decoding=\"async\" loading=\"lazy\" srcset=\"http:\/\/filepdekorart.hu\/wp-content\/uploads\/2020\/01\/40178236_1946620725401972_820748763998978048_n-150x150.jpg 150w, http:\/\/filepdekorart.hu\/wp-content\/uploads\/2020\/01\/40178236_1946620725401972_820748763998978048_n-480x480.jpg 480w\" sizes=\"(max-width: 150px) 100vw, 150px\" \/><\/a>\n\t\t\t<\/dt><\/dl><br style=\"clear: both\" \/><dl class='gallery-item'>\n\t\t\t<dt class='gallery-icon landscape'>\n\t\t\t\t<a href='http:\/\/filepdekorart.hu\/?attachment_id=2044'><img width=\"150\" height=\"150\" src=\"http:\/\/filepdekorart.hu\/wp-content\/uploads\/2020\/01\/40602471_1957691557628222_5229585491375947776_n-150x150.jpg\" class=\"attachment-thumbnail size-thumbnail\" alt=\"\" decoding=\"async\" loading=\"lazy\" srcset=\"http:\/\/filepdekorart.hu\/wp-content\/uploads\/2020\/01\/40602471_1957691557628222_5229585491375947776_n-150x150.jpg 150w, http:\/\/filepdekorart.hu\/wp-content\/uploads\/2020\/01\/40602471_1957691557628222_5229585491375947776_n-480x480.jpg 480w\" sizes=\"(max-width: 150px) 100vw, 150px\" \/><\/a>\n\t\t\t<\/dt><\/dl><dl class='gallery-item'>\n\t\t\t<dt class='gallery-icon portrait'>\n\t\t\t\t<a href='http:\/\/filepdekorart.hu\/?attachment_id=2045'><img width=\"150\" height=\"150\" src=\"http:\/\/filepdekorart.hu\/wp-content\/uploads\/2020\/01\/40752551_1957691540961557_7580022175361400832_n-150x150.jpg\" class=\"attachment-thumbnail size-thumbnail\" alt=\"\" decoding=\"async\" loading=\"lazy\" srcset=\"http:\/\/filepdekorart.hu\/wp-content\/uploads\/2020\/01\/40752551_1957691540961557_7580022175361400832_n-150x150.jpg 150w, http:\/\/filepdekorart.hu\/wp-content\/uploads\/2020\/01\/40752551_1957691540961557_7580022175361400832_n-480x480.jpg 480w\" sizes=\"(max-width: 150px) 100vw, 150px\" \/><\/a>\n\t\t\t<\/dt><\/dl><dl class='gallery-item'>\n\t\t\t<dt class='gallery-icon portrait'>\n\t\t\t\t<a href='http:\/\/filepdekorart.hu\/?attachment_id=2046'><img width=\"150\" height=\"150\" src=\"http:\/\/filepdekorart.hu\/wp-content\/uploads\/2020\/01\/40769085_1957689560961755_4172443986557927424_n-150x150.jpg\" class=\"attachment-thumbnail size-thumbnail\" alt=\"\" decoding=\"async\" loading=\"lazy\" srcset=\"http:\/\/filepdekorart.hu\/wp-content\/uploads\/2020\/01\/40769085_1957689560961755_4172443986557927424_n-150x150.jpg 150w, http:\/\/filepdekorart.hu\/wp-content\/uploads\/2020\/01\/40769085_1957689560961755_4172443986557927424_n-480x480.jpg 480w\" sizes=\"(max-width: 150px) 100vw, 150px\" \/><\/a>\n\t\t\t<\/dt><\/dl><br style=\"clear: both\" \/>\n\t\t<\/div>\n\n","protected":false},"excerpt":{"rendered":"","protected":false},"author":1,"featured_media":0,"parent":0,"menu_order":0,"comment_status":"closed","ping_status":"closed","template":"","meta":[],"_links":{"self":[{"href":"http:\/\/filepdekorart.hu\/index.php?rest_route=\/wp\/v2\/pages\/1713"}],"collection":[{"href":"http:\/\/filepdekorart.hu\/index.php?rest_route=\/wp\/v2\/pages"}],"about":[{"href":"http:\/\/filepdekorart.hu\/index.php?rest_route=\/wp\/v2\/types\/page"}],"author":[{"embeddable":true,"href":"http:\/\/filepdekorart.hu\/index.php?rest_route=\/wp\/v2\/users\/1"}],"replies":[{"embeddable":true,"href":"http:\/\/filepdekorart.hu\/index.php?rest_route=%2Fwp%2Fv2%2Fcomments&post=1713"}],"version-history":[{"count":2,"href":"http:\/\/filepdekorart.hu\/index.php?rest_route=\/wp\/v2\/pages\/1713\/revisions"}],"predecessor-version":[{"id":2047,"href":"http:\/\/filepdekorart.hu\/index.php?rest_route=\/wp\/v2\/pages\/1713\/revisions\/2047"}],"wp:attachment":[{"href":"http:\/\/filepdekorart.hu\/index.php?rest_route=%2Fwp%2Fv2%2Fmedia&parent=1713"}],"curies":[{"name":"wp","href":"https:\/\/api.w.org\/{rel}","templated":true}]}}